{"id":29,"date":"2025-06-18T13:26:34","date_gmt":"2025-06-18T13:26:34","guid":{"rendered":"https:\/\/terranostraagro.com\/?page_id=29"},"modified":"2025-06-18T13:30:24","modified_gmt":"2025-06-18T13:30:24","slug":"29-2","status":"publish","type":"page","link":"https:\/\/terranostraagro.com\/","title":{"rendered":""},"content":{"rendered":"\n<div class=\"wp-block-cover alignfull\"><span aria-hidden=\"true\" class=\"wp-block-cover__background has-background-dim\"><\/span><div class=\"wp-block-cover__inner-container is-layout-flow wp-block-cover-is-layout-flow\">\n<div class=\"wp-block-group alignfull is-style-default has-global-padding is-content-justification-center is-layout-constrained wp-block-group-is-layout-constrained\" style=\"margin-top:0;margin-bottom:0;padding-top:var(--wp--preset--spacing--60);padding-bottom:var(--wp--preset--spacing--60)\">\n<div class=\"wp-block-columns alignwide is-layout-flex wp-container-core-columns-is-layout-643ced6b wp-block-columns-is-layout-flex\">\n<div class=\"wp-block-column is-vertically-aligned-center is-layout-flow wp-container-core-column-is-layout-119bc444 wp-block-column-is-layout-flow\" style=\"flex-basis:60%\">\n<h2 class=\"wp-block-heading has-xx-large-font-size\"><strong>Transformaci\u00f3n<\/strong><br><strong>y modernizaci\u00f3n de fincas<\/strong><\/h2>\n\n\n\n<blockquote class=\"wp-block-quote is-layout-flow wp-block-quote-is-layout-flow\">\n<p>En <strong>TerraNostra <\/strong>modernizamos y revitalizamos fincas agr\u00edcolas a trav\u00e9s de cultivos de alto valor (olivo y almendro en modelos intensivos y superintensivos) para extraer el \u00f3ptimo rendimiento mediante soluciones t\u00e9cnicas e innovadoras y una gesti\u00f3n moderna y sostenible.<\/p>\n\n\n\n<p>Desarrollamos soluciones a medida en riego de precisi\u00f3n y fertilizaci\u00f3n,&nbsp;protecci\u00f3n sanitaria, nutrici\u00f3n, bioestimulaci\u00f3n y digitalizaci\u00f3n agr\u00edcola.<\/p>\n<\/blockquote>\n\n\n\n<div class=\"wp-block-group is-vertical is-layout-flex wp-container-core-group-is-layout-fe9cc265 wp-block-group-is-layout-flex\">\n<p>TerraNostra es parte de Cerestia, la marca agro que integra la visi\u00f3n estrat\u00e9gica del grupo MatHolding sobre el futuro de la agricultura.<\/p>\n<\/div>\n\n\n\n<div class=\"wp-block-columns is-layout-flex wp-container-core-columns-is-layout-28f84493 wp-block-columns-is-layout-flex\">\n<div class=\"wp-block-column is-layout-flow wp-block-column-is-layout-flow\" style=\"flex-basis:100%\">\n<div class=\"wp-block-columns is-layout-flex wp-container-core-columns-is-layout-28f84493 wp-block-columns-is-layout-flex\">\n<div class=\"wp-block-column is-layout-flow wp-block-column-is-layout-flow\" style=\"flex-basis:100%\">\n<div class=\"wp-block-group is-style-default is-layout-grid wp-container-core-group-is-layout-1a31ce05 wp-block-group-is-layout-grid\">\n<div class=\"wp-block-columns is-layout-flex wp-container-core-columns-is-layout-28f84493 wp-block-columns-is-layout-flex\">\n<div class=\"wp-block-column is-layout-flow wp-block-column-is-layout-flow\" style=\"flex-basis:100%\">\n<div class=\"wp-block-group is-layout-flex wp-block-group-is-layout-flex\">\n<p class=\"is-style-text-annotation is-style-text-annotation--1\"><a href=\"https:\/\/iqvagro.com\" target=\"_blank\" rel=\"noreferrer noopener\">IQV<\/a><\/p>\n\n\n\n<blockquote class=\"wp-block-quote is-style-plain is-layout-flow wp-block-quote-is-layout-flow is-style-plain--2\">\n<p>Referente en sales de cobre para la sanidad vegetal desde 1935.<\/p>\n<\/blockquote>\n<\/div>\n<\/div>\n<\/div>\n\n\n\n<div class=\"wp-block-columns is-layout-flex wp-container-core-columns-is-layout-28f84493 wp-block-columns-is-layout-flex\">\n<div class=\"wp-block-column is-layout-flow wp-block-column-is-layout-flow\" style=\"flex-basis:100%\">\n<div class=\"wp-block-group is-style-default is-layout-flex wp-block-group-is-layout-flex\">\n<p class=\"is-style-text-annotation is-style-text-annotation--3\"><a href=\"https:\/\/regaber.com\" target=\"_blank\" rel=\"noreferrer noopener\">Regaber<\/a><\/p>\n\n\n\n<div class=\"wp-block-columns is-layout-flex wp-container-core-columns-is-layout-28f84493 wp-block-columns-is-layout-flex\">\n<div class=\"wp-block-column is-layout-flow wp-block-column-is-layout-flow\" style=\"flex-basis:100%\">\n<div class=\"wp-block-columns is-layout-flex wp-container-core-columns-is-layout-28f84493 wp-block-columns-is-layout-flex\">\n<div class=\"wp-block-column is-layout-flow wp-block-column-is-layout-flow\" style=\"flex-basis:100%\">\n<div class=\"wp-block-columns is-layout-flex wp-container-core-columns-is-layout-28f84493 wp-block-columns-is-layout-flex\">\n<div class=\"wp-block-column is-layout-flow wp-block-column-is-layout-flow\" style=\"flex-basis:100%\">\n<blockquote class=\"wp-block-quote is-style-plain is-layout-flow wp-block-quote-is-layout-flow is-style-plain--4\">\n<p>L\u00edderes en riego de precisi\u00f3n en la pen\u00ednsula ib\u00e9rica desde 1980.<\/p>\n<\/blockquote>\n<\/div>\n<\/div>\n<\/div>\n<\/div>\n<\/div>\n<\/div>\n<\/div>\n<\/div>\n<\/div>\n\n\n\n<div class=\"wp-block-columns is-layout-flex wp-container-core-columns-is-layout-28f84493 wp-block-columns-is-layout-flex\">\n<div class=\"wp-block-column is-style-default is-layout-flow wp-block-column-is-layout-flow\" style=\"flex-basis:100%\">\n<p class=\"is-style-text-annotation is-style-text-annotation--5\"><a href=\"https:\/\/veggadigital.com\" target=\"_blank\" rel=\"noreferrer noopener\">VEGGA<\/a><\/p>\n\n\n\n<blockquote class=\"wp-block-quote is-style-plain is-layout-flow wp-block-quote-is-layout-flow is-style-plain--6\">\n<p>Punta de lanza en transformaci\u00f3n digital agr\u00edcola desde 2022.<\/p>\n<\/blockquote>\n<\/div>\n<\/div>\n<\/div>\n<\/div>\n<\/div>\n<\/div>\n<\/div>\n<\/div>\n<\/div>\n<\/div>\n<\/div><\/div>\n\n\n\n<div class=\"wp-block-columns alignfull is-layout-flex wp-container-core-columns-is-layout-28f84493 wp-block-columns-is-layout-flex\">\n<div class=\"wp-block-column is-style-section-2 is-layout-flow wp-block-column-is-layout-flow is-style-section-2--7\" style=\"flex-basis:100%\">\n<div class=\"wp-block-columns is-layout-flex wp-container-core-columns-is-layout-28f84493 wp-block-columns-is-layout-flex\">\n<div class=\"wp-block-column is-vertically-aligned-center is-style-section-2 is-layout-flow wp-block-column-is-layout-flow is-style-section-2--8\">\n<figure class=\"wp-block-image size-large is-resized\"><img loading=\"lazy\" decoding=\"async\" width=\"1024\" height=\"576\" src=\"https:\/\/terranostraagro.com\/wp-content\/uploads\/2025\/06\/f571b067e0f181ce61596c22ab6be3e0-2560x1440-1-1024x576.jpeg\" alt=\"\" class=\"wp-image-55\" style=\"width:1115px;height:auto\" srcset=\"https:\/\/terranostraagro.com\/wp-content\/uploads\/2025\/06\/f571b067e0f181ce61596c22ab6be3e0-2560x1440-1-1024x576.jpeg 1024w, https:\/\/terranostraagro.com\/wp-content\/uploads\/2025\/06\/f571b067e0f181ce61596c22ab6be3e0-2560x1440-1-300x169.jpeg 300w, https:\/\/terranostraagro.com\/wp-content\/uploads\/2025\/06\/f571b067e0f181ce61596c22ab6be3e0-2560x1440-1-768x432.jpeg 768w, https:\/\/terranostraagro.com\/wp-content\/uploads\/2025\/06\/f571b067e0f181ce61596c22ab6be3e0-2560x1440-1-1536x864.jpeg 1536w, https:\/\/terranostraagro.com\/wp-content\/uploads\/2025\/06\/f571b067e0f181ce61596c22ab6be3e0-2560x1440-1-2048x1152.jpeg 2048w\" sizes=\"auto, (max-width: 1024px) 100vw, 1024px\" \/><\/figure>\n<\/div>\n\n\n\n<div class=\"wp-block-column is-vertically-aligned-center has-global-padding is-layout-constrained wp-block-column-is-layout-constrained\">\n<div class=\"wp-block-group alignfull is-style-section-2 has-global-padding is-content-justification-left is-layout-constrained wp-container-core-group-is-layout-316bc244 wp-block-group-is-layout-constrained is-style-section-2--9\" style=\"margin-top:0;margin-bottom:0;padding-top:var(--wp--preset--spacing--50);padding-bottom:var(--wp--preset--spacing--50)\">\n<h2 class=\"wp-block-heading alignwide has-text-align-left has-accent-1-color has-text-color has-link-color has-xx-large-font-size wp-elements-f440ea8032944923907fe25cb1c2a768\"><strong>Impacto<\/strong><\/h2>\n\n\n\n<h4 class=\"wp-block-heading alignwide has-text-align-left has-accent-1-color has-text-color has-link-color has-large-font-size wp-elements-318ecc6f899853d1273f4982d4a2688c\" style=\"font-style:normal;font-weight:400\">En la fase 1, iniciada en 2022, hemos transformado y tenemos<br>bajo gesti\u00f3n 19 fincas en Extremadura, un total de 1.000 has, de olivo<br>y almendro en modelos intensivos y superintensivos.<br><br><strong>Fase 2:<\/strong> en desarrollo.<\/h4>\n<\/div>\n<\/div>\n<\/div>\n<\/div>\n<\/div>\n\n\n\n<aside class=\"wp-block-group alignfull is-style-section-3 has-global-padding is-layout-constrained wp-container-core-group-is-layout-f0f2a97b wp-block-group-is-layout-constrained is-style-section-3--10\" style=\"margin-top:0;margin-bottom:0;padding-top:var(--wp--preset--spacing--50);padding-right:var(--wp--preset--spacing--50);padding-bottom:var(--wp--preset--spacing--50);padding-left:var(--wp--preset--spacing--50)\">\n<div class=\"wp-block-group is-vertical is-content-justification-center is-layout-flex wp-container-core-group-is-layout-8778ca4a wp-block-group-is-layout-flex\" style=\"min-height:360px;margin-top:0;margin-bottom:0\">\n<h2 class=\"wp-block-heading has-text-align-center has-xx-large-font-size\">Compromiso con el campo<\/h2>\n\n\n\n<p class=\"has-text-align-center is-style-text-subtitle has-medium-font-size is-style-text-subtitle--11\" style=\"font-style:normal;font-weight:400\">En Espa\u00f1a, cerca del 40% de los propietarios de las explotaciones agr\u00edcolas son mayores de 65 a\u00f1os, mientras que solo un 4% son menores de 35 a\u00f1os.&nbsp;&nbsp;<\/p>\n\n\n\n<p class=\"has-medium-font-size\" style=\"font-style:normal;font-weight:400\">M\u00e1s del 70% de las explotaciones son fincas peque\u00f1as y medianas, que apenas aplican tecnolog\u00edas de monitoreo, riego de precisi\u00f3n o digitalizaci\u00f3n.&nbsp;&nbsp;<\/p>\n\n\n\n<p class=\"has-text-align-center is-style-text-subtitle has-medium-font-size is-style-text-subtitle--12\" style=\"font-style:normal;font-weight:400\">En <strong>TerraNostra<\/strong> creemos que el campo puede y debe tener relevo generacional y un futuro pr\u00f3spero. Por eso trabajamos para acompa\u00f1ar a los propietarios y&nbsp; rentabilizar al m\u00e1ximo sus fincas agr\u00edcolas, garantizar el futuro de la profesi\u00f3n y revitalizar las zonas rurales.<\/p>\n\n\n\n<div style=\"height:0px\" aria-hidden=\"true\" class=\"wp-block-spacer wp-container-content-62aae154\"><\/div>\n\n\n\n<div class=\"wp-block-buttons is-content-justification-center is-layout-flex wp-container-core-buttons-is-layout-a89b3969 wp-block-buttons-is-layout-flex\">\n<div class=\"wp-block-button\"><a class=\"wp-block-button__link has-text-align-center wp-element-button\" href=\"mailto:hola@cerestia.com\" target=\"_blank\" rel=\"noreferrer noopener\">Cont\u00e1ctanos<\/a><\/div>\n<\/div>\n<\/div>\n<\/aside>\n","protected":false},"excerpt":{"rendered":"<p>Impacto En la fase 1, iniciada en 2022, hemos transformado y tenemosbajo gesti\u00f3n 19 fincas en Extremadura, un total de 1.000 has, de olivoy almendro en modelos intensivos y superintensivos. Fase 2: en desarrollo. Compromiso con el campo En Espa\u00f1a, cerca del 40% de los propietarios de las explotaciones agr\u00edcolas son mayores de 65 a\u00f1os, [&hellip;]<\/p>\n","protected":false},"author":1,"featured_media":0,"parent":0,"menu_order":0,"comment_status":"closed","ping_status":"closed","template":"","meta":{"footnotes":""},"class_list":["post-29","page","type-page","status-publish","hentry"],"_links":{"self":[{"href":"https:\/\/terranostraagro.com\/index.php?rest_route=\/wp\/v2\/pages\/29","targetHints":{"allow":["GET"]}}],"collection":[{"href":"https:\/\/terranostraagro.com\/index.php?rest_route=\/wp\/v2\/pages"}],"about":[{"href":"https:\/\/terranostraagro.com\/index.php?rest_route=\/wp\/v2\/types\/page"}],"author":[{"embeddable":true,"href":"https:\/\/terranostraagro.com\/index.php?rest_route=\/wp\/v2\/users\/1"}],"replies":[{"embeddable":true,"href":"https:\/\/terranostraagro.com\/index.php?rest_route=%2Fwp%2Fv2%2Fcomments&post=29"}],"version-history":[{"count":17,"href":"https:\/\/terranostraagro.com\/index.php?rest_route=\/wp\/v2\/pages\/29\/revisions"}],"predecessor-version":[{"id":61,"href":"https:\/\/terranostraagro.com\/index.php?rest_route=\/wp\/v2\/pages\/29\/revisions\/61"}],"wp:attachment":[{"href":"https:\/\/terranostraagro.com\/index.php?rest_route=%2Fwp%2Fv2%2Fmedia&parent=29"}],"curies":[{"name":"wp","href":"https:\/\/api.w.org\/{rel}","templated":true}]}}